{"id":14,"date":"2023-08-30T08:44:50","date_gmt":"2023-08-30T06:44:50","guid":{"rendered":"https:\/\/blooming-brain.com\/?page_id=14"},"modified":"2023-08-30T09:17:27","modified_gmt":"2023-08-30T07:17:27","slug":"creez-votre-site-avec-des-blocs","status":"publish","type":"page","link":"https:\/\/blooming-brain.com\/","title":{"rendered":"Blooming Brain"},"content":{"rendered":"\n<h1 class=\"wp-block-heading alignwide has-text-align-center\">Blooming Brain<\/h1>\n\n\n\n<p class=\"has-text-align-center\"><strong><mark style=\"background-color:#D1DFE4\" class=\"has-inline-color\">Site en construction <\/mark><\/strong><\/p>\n\n\n\n<p class=\"has-text-align-center\"><mark style=\"background-color:rgba(0, 0, 0, 0)\" class=\"has-inline-color has-black-color\">Faire \u00e9clore votre potentiel<\/mark> <\/p>\n\n\n\n<p class=\"has-text-align-center\"><em>Formations en d\u00e9veloppement professionnel et personnel<\/em><\/p>\n\n\n\n<div class=\"wp-block-columns alignwide are-vertically-aligned-center is-style-twentytwentyone-columns-overlap is-layout-flex wp-container-core-columns-is-layout-9d6595d7 wp-block-columns-is-layout-flex\">\n<div class=\"wp-block-column is-vertically-aligned-center is-layout-flow wp-block-column-is-layout-flow\">\n<figure class=\"wp-block-image alignfull size-full\"><img loading=\"lazy\" decoding=\"async\" width=\"1024\" height=\"1024\" src=\"https:\/\/blooming-brain.com\/wp-content\/uploads\/2023\/08\/D9Hk6twxIIcfyNqP4UnI-1-kudat.jpg\" alt=\"\" class=\"wp-image-31\" srcset=\"https:\/\/blooming-brain.com\/wp-content\/uploads\/2023\/08\/D9Hk6twxIIcfyNqP4UnI-1-kudat.jpg 1024w, https:\/\/blooming-brain.com\/wp-content\/uploads\/2023\/08\/D9Hk6twxIIcfyNqP4UnI-1-kudat-300x300.jpg 300w, https:\/\/blooming-brain.com\/wp-content\/uploads\/2023\/08\/D9Hk6twxIIcfyNqP4UnI-1-kudat-150x150.jpg 150w, https:\/\/blooming-brain.com\/wp-content\/uploads\/2023\/08\/D9Hk6twxIIcfyNqP4UnI-1-kudat-768x768.jpg 768w\" sizes=\"auto, (max-width: 1024px) 100vw, 1024px\" \/><\/figure>\n\n\n\n<div style=\"height:100px\" aria-hidden=\"true\" class=\"wp-block-spacer\"><\/div>\n\n\n\n<figure class=\"wp-block-image alignfull size-full is-style-twentytwentyone-image-frame\"><img loading=\"lazy\" decoding=\"async\" width=\"1024\" height=\"1024\" src=\"https:\/\/blooming-brain.com\/wp-content\/uploads\/2023\/08\/0V1R3WFeEM4tLDWpJME7-1-0jfxg.jpg\" alt=\"\" class=\"wp-image-36\" srcset=\"https:\/\/blooming-brain.com\/wp-content\/uploads\/2023\/08\/0V1R3WFeEM4tLDWpJME7-1-0jfxg.jpg 1024w, https:\/\/blooming-brain.com\/wp-content\/uploads\/2023\/08\/0V1R3WFeEM4tLDWpJME7-1-0jfxg-300x300.jpg 300w, https:\/\/blooming-brain.com\/wp-content\/uploads\/2023\/08\/0V1R3WFeEM4tLDWpJME7-1-0jfxg-150x150.jpg 150w, https:\/\/blooming-brain.com\/wp-content\/uploads\/2023\/08\/0V1R3WFeEM4tLDWpJME7-1-0jfxg-768x768.jpg 768w\" sizes=\"auto, (max-width: 1024px) 100vw, 1024px\" \/><\/figure>\n<\/div>\n\n\n\n<div class=\"wp-block-column is-vertically-aligned-center is-layout-flow wp-block-column-is-layout-flow\">\n<div style=\"height:100px\" aria-hidden=\"true\" class=\"wp-block-spacer\"><\/div>\n\n\n\n<figure class=\"wp-block-image size-full alignfull is-style-twentytwentyone-border\"><img loading=\"lazy\" decoding=\"async\" width=\"1024\" height=\"1024\" src=\"https:\/\/blooming-brain.com\/wp-content\/uploads\/2023\/08\/qweFSeePyWPVIWUEsnDT-1-xjm9p.jpg\" alt=\"\" class=\"wp-image-34\" srcset=\"https:\/\/blooming-brain.com\/wp-content\/uploads\/2023\/08\/qweFSeePyWPVIWUEsnDT-1-xjm9p.jpg 1024w, https:\/\/blooming-brain.com\/wp-content\/uploads\/2023\/08\/qweFSeePyWPVIWUEsnDT-1-xjm9p-300x300.jpg 300w, https:\/\/blooming-brain.com\/wp-content\/uploads\/2023\/08\/qweFSeePyWPVIWUEsnDT-1-xjm9p-150x150.jpg 150w, https:\/\/blooming-brain.com\/wp-content\/uploads\/2023\/08\/qweFSeePyWPVIWUEsnDT-1-xjm9p-768x768.jpg 768w\" sizes=\"auto, (max-width: 1024px) 100vw, 1024px\" \/><\/figure>\n<\/div>\n<\/div>\n\n\n\n<div style=\"height:50px\" aria-hidden=\"true\" class=\"wp-block-spacer\"><\/div>\n\n\n\n<div class=\"wp-block-columns alignwide are-vertically-aligned-top is-layout-flex wp-container-core-columns-is-layout-9d6595d7 wp-block-columns-is-layout-flex\">\n<div class=\"wp-block-column is-vertically-aligned-top is-layout-flow wp-block-column-is-layout-flow\">\n<h3 class=\"wp-block-heading\">Ajouter des compositions de blocs<\/h3>\n\n\n\n<p>Les compositions de blocs sont des groupes de blocs pr\u00e9-con\u00e7us. Pour en ajouter un, s\u00e9lectionnez le bouton Ajouter un bloc [+] dans la barre d\u2019outils en haut de l\u2019\u00e9diteur. Passez \u00e0 l\u2019onglet Compositions sous la barre de recherche, et choisissez une composition.<\/p>\n<\/div>\n\n\n\n<div class=\"wp-block-column is-vertically-aligned-top is-layout-flow wp-block-column-is-layout-flow\">\n<h3 class=\"wp-block-heading\">Encadrez vos images<\/h3>\n\n\n\n<p>Twenty Twenty-One inclut de sublimes bordures pour votre contenu. Avec un bloc d\u2019image s\u00e9lectionn\u00e9, ouvrez le panneau \u00ab&nbsp;Styles&nbsp;\u00bb dans la barre lat\u00e9rale de l\u2019\u00e9diteur. S\u00e9lectionnez le style de bloc \u00ab&nbsp;Cadre&nbsp;\u00bb pour l\u2019activer.<\/p>\n<\/div>\n\n\n\n<div class=\"wp-block-column is-vertically-aligned-top is-layout-flow wp-block-column-is-layout-flow\">\n<h3 class=\"wp-block-heading\">Colonnes se chevauchant<\/h3>\n\n\n\n<p>Twenty Twenty-One inclut \u00e9galement un style \u00ab&nbsp;chevauchement&nbsp;\u00bb pour le bloc colonnes. S\u00e9lectionnez un bloc colonnes puis ouvrez le panneau \u00ab&nbsp;styles&nbsp;\u00bb dans la barre lat\u00e9rale de l\u2019\u00e9diteur. S\u00e9lectionnez le style de bloc \u00ab&nbsp;chevauchement&nbsp;\u00bb pour l\u2019essayer.<\/p>\n<\/div>\n<\/div>\n\n\n\n<div style=\"height:100px\" aria-hidden=\"true\" class=\"wp-block-spacer\"><\/div>\n\n\n\n<div class=\"wp-block-cover alignwide is-light is-style-twentytwentyone-border\"><span aria-hidden=\"true\" class=\"wp-block-cover__background has-green-background-color has-background-dim-100 has-background-dim\"><\/span><div class=\"wp-block-cover__inner-container is-layout-flow wp-block-cover-is-layout-flow\">\n<div style=\"height:20px\" aria-hidden=\"true\" class=\"wp-block-spacer\"><\/div>\n\n\n\n<p class=\"has-huge-font-size\">Besoin d\u2019aide&nbsp;?<\/p>\n\n\n\n<div style=\"height:75px\" aria-hidden=\"true\" class=\"wp-block-spacer\"><\/div>\n\n\n\n<div class=\"wp-block-columns is-layout-flex wp-container-core-columns-is-layout-9d6595d7 wp-block-columns-is-layout-flex\">\n<div class=\"wp-block-column is-layout-flow wp-block-column-is-layout-flow\">\n<p><a href=\"https:\/\/wordpress.org\/support\/article\/twenty-twenty-one\/\">Lire la documentation du th\u00e8me<\/a><\/p>\n<\/div>\n\n\n\n<div class=\"wp-block-column is-layout-flow wp-block-column-is-layout-flow\">\n<p><a href=\"https:\/\/wordpress.org\/support\/theme\/twentytwentyone\/\">Consulter les forums de support<\/a><\/p>\n<\/div>\n<\/div>\n\n\n\n<div style=\"height:20px\" aria-hidden=\"true\" class=\"wp-block-spacer\"><\/div>\n<\/div><\/div>\n","protected":false},"excerpt":{"rendered":"<p>Blooming Brain Site en construction Faire \u00e9clore votre potentiel Formations en d\u00e9veloppement professionnel et personnel Ajouter des compositions de blocs Les compositions de blocs sont des groupes de blocs pr\u00e9-con\u00e7us. Pour en ajouter un, s\u00e9lectionnez le bouton Ajouter un bloc [+] dans la barre d\u2019outils en haut de l\u2019\u00e9diteur. Passez \u00e0 l\u2019onglet Compositions sous la&hellip; <a class=\"more-link\" href=\"https:\/\/blooming-brain.com\/\">Continue reading <span class=\"screen-reader-text\">Blooming Brain<\/span><\/a><\/p>\n","protected":false},"author":1,"featured_media":0,"parent":0,"menu_order":0,"comment_status":"closed","ping_status":"closed","template":"","meta":{"footnotes":""},"class_list":["post-14","page","type-page","status-publish","hentry","entry"],"_links":{"self":[{"href":"https:\/\/blooming-brain.com\/index.php\/wp-json\/wp\/v2\/pages\/14","targetHints":{"allow":["GET"]}}],"collection":[{"href":"https:\/\/blooming-brain.com\/index.php\/wp-json\/wp\/v2\/pages"}],"about":[{"href":"https:\/\/blooming-brain.com\/index.php\/wp-json\/wp\/v2\/types\/page"}],"author":[{"embeddable":true,"href":"https:\/\/blooming-brain.com\/index.php\/wp-json\/wp\/v2\/users\/1"}],"replies":[{"embeddable":true,"href":"https:\/\/blooming-brain.com\/index.php\/wp-json\/wp\/v2\/comments?post=14"}],"version-history":[{"count":5,"href":"https:\/\/blooming-brain.com\/index.php\/wp-json\/wp\/v2\/pages\/14\/revisions"}],"predecessor-version":[{"id":41,"href":"https:\/\/blooming-brain.com\/index.php\/wp-json\/wp\/v2\/pages\/14\/revisions\/41"}],"wp:attachment":[{"href":"https:\/\/blooming-brain.com\/index.php\/wp-json\/wp\/v2\/media?parent=14"}],"curies":[{"name":"wp","href":"https:\/\/api.w.org\/{rel}","templated":true}]}}